{"id":3,"date":"2024-12-10T10:30:16","date_gmt":"2024-12-10T09:30:16","guid":{"rendered":"https:\/\/wkryzysie.pl\/?page_id=3"},"modified":"2024-12-16T12:41:33","modified_gmt":"2024-12-16T11:41:33","slug":"polityka-prywatnosci","status":"publish","type":"page","link":"https:\/\/wkryzysie.pl\/?page_id=3","title":{"rendered":"Polityka prywatno\u015bci"},"content":{"rendered":"\n<p>Wi\u0119cej informacji wkr\u00f3tce<\/p>\n","protected":false},"excerpt":{"rendered":"<p>Wi\u0119cej informacji wkr\u00f3tce<\/p>\n","protected":false},"author":1,"featured_media":0,"parent":0,"menu_order":0,"comment_status":"closed","ping_status":"closed","template":"","meta":{"_acf_changed":false,"inline_featured_image":false,"footnotes":""},"class_list":["post-3","page","type-page","status-publish","hentry"],"acf":[],"yoast_head":"<!-- This site is optimized with the Yoast SEO plugin v24.0 - https:\/\/yoast.com\/wordpress\/plugins\/seo\/ -->\n<title>Polityka prywatno\u015bci - Projekt wsparcia zdrowia psychicznego &quot;B\u0105d\u017a Got\u00f3w&quot;<\/title>\n<meta name=\"robots\" content=\"index, follow, max-snippet:-1, max-image-preview:large, max-video-preview:-1\" \/>\n<link rel=\"canonical\" href=\"https:\/\/wkryzysie.pl\/?page_id=3\" \/>\n<meta property=\"og:locale\" content=\"pl_PL\" \/>\n<meta property=\"og:type\" content=\"article\" \/>\n<meta property=\"og:title\" content=\"Polityka prywatno\u015bci - Projekt wsparcia zdrowia psychicznego &quot;B\u0105d\u017a Got\u00f3w&quot;\" \/>\n<meta property=\"og:description\" content=\"Wi\u0119cej informacji wkr\u00f3tce\" \/>\n<meta property=\"og:url\" content=\"https:\/\/wkryzysie.pl\/?page_id=3\" \/>\n<meta property=\"og:site_name\" content=\"Projekt wsparcia zdrowia psychicznego &quot;B\u0105d\u017a Got\u00f3w&quot;\" \/>\n<meta property=\"article:modified_time\" content=\"2024-12-16T11:41:33+00:00\" \/>\n<meta name=\"twitter:card\" content=\"summary_large_image\" \/>\n<meta name=\"twitter:label1\" content=\"Szacowany czas czytania\" \/>\n\t<meta name=\"twitter:data1\" content=\"4 minuty\" \/>\n<script type=\"application\/ld+json\" class=\"yoast-schema-graph\">{\"@context\":\"https:\/\/schema.org\",\"@graph\":[{\"@type\":\"WebPage\",\"@id\":\"https:\/\/wkryzysie.pl\/?page_id=3\",\"url\":\"https:\/\/wkryzysie.pl\/?page_id=3\",\"name\":\"Polityka prywatno\u015bci - Projekt wsparcia zdrowia psychicznego &quot;B\u0105d\u017a Got\u00f3w&quot;\",\"isPartOf\":{\"@id\":\"https:\/\/wkryzysie.pl\/#website\"},\"datePublished\":\"2024-12-10T09:30:16+00:00\",\"dateModified\":\"2024-12-16T11:41:33+00:00\",\"breadcrumb\":{\"@id\":\"https:\/\/wkryzysie.pl\/?page_id=3#breadcrumb\"},\"inLanguage\":\"pl-PL\",\"potentialAction\":[{\"@type\":\"ReadAction\",\"target\":[\"https:\/\/wkryzysie.pl\/?page_id=3\"]}]},{\"@type\":\"BreadcrumbList\",\"@id\":\"https:\/\/wkryzysie.pl\/?page_id=3#breadcrumb\",\"itemListElement\":[{\"@type\":\"ListItem\",\"position\":1,\"name\":\"Strona g\u0142\u00f3wna\",\"item\":\"https:\/\/wkryzysie.pl\/\"},{\"@type\":\"ListItem\",\"position\":2,\"name\":\"Polityka prywatno\u015bci\"}]},{\"@type\":\"WebSite\",\"@id\":\"https:\/\/wkryzysie.pl\/#website\",\"url\":\"https:\/\/wkryzysie.pl\/\",\"name\":\"Projekt wsparcia zdrowia psychicznego &quot;B\u0105d\u017a Got\u00f3w&quot;\",\"description\":\"Pomagamy w zadbaniu o zdrowie psychiczne\",\"potentialAction\":[{\"@type\":\"SearchAction\",\"target\":{\"@type\":\"EntryPoint\",\"urlTemplate\":\"https:\/\/wkryzysie.pl\/?s={search_term_string}\"},\"query-input\":{\"@type\":\"PropertyValueSpecification\",\"valueRequired\":true,\"valueName\":\"search_term_string\"}}],\"inLanguage\":\"pl-PL\"}]}<\/script>\n<!-- \/ Yoast SEO plugin. -->","yoast_head_json":{"title":"Polityka prywatno\u015bci - Projekt wsparcia zdrowia psychicznego &quot;B\u0105d\u017a Got\u00f3w&quot;","robots":{"index":"index","follow":"follow","max-snippet":"max-snippet:-1","max-image-preview":"max-image-preview:large","max-video-preview":"max-video-preview:-1"},"canonical":"https:\/\/wkryzysie.pl\/?page_id=3","og_locale":"pl_PL","og_type":"article","og_title":"Polityka prywatno\u015bci - Projekt wsparcia zdrowia psychicznego &quot;B\u0105d\u017a Got\u00f3w&quot;","og_description":"Wi\u0119cej informacji wkr\u00f3tce","og_url":"https:\/\/wkryzysie.pl\/?page_id=3","og_site_name":"Projekt wsparcia zdrowia psychicznego &quot;B\u0105d\u017a Got\u00f3w&quot;","article_modified_time":"2024-12-16T11:41:33+00:00","twitter_card":"summary_large_image","twitter_misc":{"Szacowany czas czytania":"4 minuty"},"schema":{"@context":"https:\/\/schema.org","@graph":[{"@type":"WebPage","@id":"https:\/\/wkryzysie.pl\/?page_id=3","url":"https:\/\/wkryzysie.pl\/?page_id=3","name":"Polityka prywatno\u015bci - Projekt wsparcia zdrowia psychicznego &quot;B\u0105d\u017a Got\u00f3w&quot;","isPartOf":{"@id":"https:\/\/wkryzysie.pl\/#website"},"datePublished":"2024-12-10T09:30:16+00:00","dateModified":"2024-12-16T11:41:33+00:00","breadcrumb":{"@id":"https:\/\/wkryzysie.pl\/?page_id=3#breadcrumb"},"inLanguage":"pl-PL","potentialAction":[{"@type":"ReadAction","target":["https:\/\/wkryzysie.pl\/?page_id=3"]}]},{"@type":"BreadcrumbList","@id":"https:\/\/wkryzysie.pl\/?page_id=3#breadcrumb","itemListElement":[{"@type":"ListItem","position":1,"name":"Strona g\u0142\u00f3wna","item":"https:\/\/wkryzysie.pl\/"},{"@type":"ListItem","position":2,"name":"Polityka prywatno\u015bci"}]},{"@type":"WebSite","@id":"https:\/\/wkryzysie.pl\/#website","url":"https:\/\/wkryzysie.pl\/","name":"Projekt wsparcia zdrowia psychicznego &quot;B\u0105d\u017a Got\u00f3w&quot;","description":"Pomagamy w zadbaniu o zdrowie psychiczne","potentialAction":[{"@type":"SearchAction","target":{"@type":"EntryPoint","urlTemplate":"https:\/\/wkryzysie.pl\/?s={search_term_string}"},"query-input":{"@type":"PropertyValueSpecification","valueRequired":true,"valueName":"search_term_string"}}],"inLanguage":"pl-PL"}]}},"_links":{"self":[{"href":"https:\/\/wkryzysie.pl\/index.php?rest_route=\/wp\/v2\/pages\/3","targetHints":{"allow":["GET"]}}],"collection":[{"href":"https:\/\/wkryzysie.pl\/index.php?rest_route=\/wp\/v2\/pages"}],"about":[{"href":"https:\/\/wkryzysie.pl\/index.php?rest_route=\/wp\/v2\/types\/page"}],"author":[{"embeddable":true,"href":"https:\/\/wkryzysie.pl\/index.php?rest_route=\/wp\/v2\/users\/1"}],"replies":[{"embeddable":true,"href":"https:\/\/wkryzysie.pl\/index.php?rest_route=%2Fwp%2Fv2%2Fcomments&post=3"}],"version-history":[{"count":2,"href":"https:\/\/wkryzysie.pl\/index.php?rest_route=\/wp\/v2\/pages\/3\/revisions"}],"predecessor-version":[{"id":334,"href":"https:\/\/wkryzysie.pl\/index.php?rest_route=\/wp\/v2\/pages\/3\/revisions\/334"}],"wp:attachment":[{"href":"https:\/\/wkryzysie.pl\/index.php?rest_route=%2Fwp%2Fv2%2Fmedia&parent=3"}],"curies":[{"name":"wp","href":"https:\/\/api.w.org\/{rel}","templated":true}]}}